{"id":17712,"date":"2024-08-29T21:20:21","date_gmt":"2024-08-29T21:20:21","guid":{"rendered":"https:\/\/juliancastiblanco.com\/web\/?page_id=17712"},"modified":"2024-08-29T21:20:21","modified_gmt":"2024-08-29T21:20:21","slug":"imk-global-participa-en-el-panel-en-el-marco-de-edutechnia-2024-celebrado-en-corferias","status":"publish","type":"page","link":"https:\/\/juliancastiblanco.com\/web\/imk-global-participa-en-el-panel-en-el-marco-de-edutechnia-2024-celebrado-en-corferias\/","title":{"rendered":"IMK Global participa en el panel en el marco de EDUTECHNIA 2024, celebrado en Corferias"},"content":{"rendered":"<p><span data-contrast=\"auto\">En un contexto donde la educaci\u00f3n enfrenta retos cada vez m\u00e1s complejos, la participaci\u00f3n de IMK Global en eventos clave y su alianza con importantes actores del sector se convierte en una pieza fundamental para guiar a las instituciones educativas hacia un futuro m\u00e1s innovador y efectivo.<\/span><span data-ccp-props=\"{&quot;134233117&quot;:false,&quot;134233118&quot;:false,&quot;201341983&quot;:0,&quot;335551550&quot;:0,&quot;335551620&quot;:0,&quot;335559738&quot;:240,&quot;335559739&quot;:240,&quot;335559740&quot;:259}\">\u00a0<\/span><\/p>\n<p><span data-contrast=\"auto\">En el marco de EDUTECHNIA 2024, celebrado en Corferias, Bogot\u00e1, IMK Global, bajo la gesti\u00f3n de la l\u00edder de proyectos de escuelas, Jesenia Rodr\u00edguez, se destac\u00f3 por su participaci\u00f3n en el panel \u00abEspacios que promueven la innovaci\u00f3n con prop\u00f3sito pedag\u00f3gico\u00bb, organizado por Legamaster, un aliado estrat\u00e9gico, y desarrollado por medio de AHK Colombia. Este panel reuni\u00f3 a destacados profesionales de los \u00e1mbitos tecnol\u00f3gicos, acad\u00e9micos y corporativos, quienes discutieron temas cruciales relacionados con la innovaci\u00f3n educativa y los desaf\u00edos que enfrentan colegios e instituciones de educaci\u00f3n superior.<\/span><span data-ccp-props=\"{&quot;134233117&quot;:false,&quot;134233118&quot;:false,&quot;201341983&quot;:0,&quot;335551550&quot;:0,&quot;335551620&quot;:0,&quot;335559738&quot;:240,&quot;335559739&quot;:240,&quot;335559740&quot;:259}\">\u00a0<\/span><\/p>\n<p><span data-ccp-props=\"{&quot;201341983&quot;:0,&quot;335551550&quot;:0,&quot;335551620&quot;:0,&quot;335559739&quot;:160,&quot;335559740&quot;:259}\"> <img loading=\"lazy\" decoding=\"async\" class=\"aligncenter wp-image-17716\" src=\"https:\/\/juliancastiblanco.com\/web\/wp-content\/uploads\/2024\/08\/WhatsApp-Image-2024-08-23-at-7.13.20-PM-768x1024-1.jpeg\" alt=\"\" width=\"576\" height=\"768\" srcset=\"https:\/\/juliancastiblanco.com\/web\/wp-content\/uploads\/2024\/08\/WhatsApp-Image-2024-08-23-at-7.13.20-PM-768x1024-1.jpeg 768w, https:\/\/juliancastiblanco.com\/web\/wp-content\/uploads\/2024\/08\/WhatsApp-Image-2024-08-23-at-7.13.20-PM-768x1024-1-225x300.jpeg 225w\" sizes=\"auto, (max-width: 576px) 100vw, 576px\" \/><\/span><\/p>\n<p aria-level=\"3\"><b><span data-contrast=\"none\">Retos y Oportunidades en la Innovaci\u00f3n Educativa<\/span><\/b><span data-ccp-props=\"{&quot;134233117&quot;:false,&quot;134233118&quot;:false,&quot;134245418&quot;:true,&quot;134245529&quot;:true,&quot;201341983&quot;:0,&quot;335551550&quot;:0,&quot;335551620&quot;:0,&quot;335559738&quot;:281,&quot;335559739&quot;:281,&quot;335559740&quot;:259}\">\u00a0<\/span><\/p>\n<p><span data-contrast=\"auto\">Durante el panel, se abordaron t\u00f3picos clave sobre c\u00f3mo las instituciones educativas pueden adaptarse a los cambios tecnol\u00f3gicos y pedag\u00f3gicos para crear espacios que realmente promuevan un <\/span><a href=\"https:\/\/juliancastiblanco.com\/web\/?s=aprendizaje+significativo\"><span data-contrast=\"none\">aprendizaje significativo<\/span><\/a><span data-contrast=\"auto\">. Desde la perspectiva de IMK Global, y otros miembros del equipo, se enfatiz\u00f3 que la innovaci\u00f3n educativa no debe depender exclusivamente de la disponibilidad de grandes presupuestos. M\u00e1s bien, el enfoque debe estar en identificar una necesidad real dentro de la comunidad educativa y desarrollar una oferta de valor que responda a esa necesidad de manera efectiva.<\/span><span data-ccp-props=\"{&quot;134233117&quot;:false,&quot;134233118&quot;:false,&quot;201341983&quot;:0,&quot;335551550&quot;:0,&quot;335551620&quot;:0,&quot;335559738&quot;:240,&quot;335559739&quot;:240,&quot;335559740&quot;:259}\">\u00a0<\/span><\/p>\n<p><span data-contrast=\"auto\">Marcelo, uno de los panelistas invitados, destac\u00f3 la importancia de tener un prop\u00f3sito claro en cualquier proyecto de innovaci\u00f3n educativa. Seg\u00fan \u00e9l, es fundamental preguntarse: \u00bfa qui\u00e9n vamos a transformar con este proyecto? Esta reflexi\u00f3n la apoy\u00f3 IMK Global, que a\u00f1adi\u00f3 que la clave del \u00e9xito en estos proyectos es crear soluciones adaptadas a la ubicaci\u00f3n y las caracter\u00edsticas espec\u00edficas de cada instituci\u00f3n. Esto asegura que los esfuerzos en innovaci\u00f3n sean pertinentes y verdaderamente impactantes.<\/span><span data-ccp-props=\"{&quot;134233117&quot;:false,&quot;134233118&quot;:false,&quot;201341983&quot;:0,&quot;335551550&quot;:0,&quot;335551620&quot;:0,&quot;335559738&quot;:240,&quot;335559739&quot;:240,&quot;335559740&quot;:259}\">\u00a0<\/span><\/p>\n<p><span data-ccp-props=\"{&quot;201341983&quot;:0,&quot;335551550&quot;:0,&quot;335551620&quot;:0,&quot;335559739&quot;:160,&quot;335559740&quot;:259}\"> <img loading=\"lazy\" decoding=\"async\" class=\"aligncenter wp-image-17717\" src=\"https:\/\/juliancastiblanco.com\/web\/wp-content\/uploads\/2024\/08\/WhatsApp-Image-2024-08-23-at-7.13.21-PM-1-768x1024-1.jpeg\" alt=\"\" width=\"577\" height=\"769\" srcset=\"https:\/\/juliancastiblanco.com\/web\/wp-content\/uploads\/2024\/08\/WhatsApp-Image-2024-08-23-at-7.13.21-PM-1-768x1024-1.jpeg 768w, https:\/\/juliancastiblanco.com\/web\/wp-content\/uploads\/2024\/08\/WhatsApp-Image-2024-08-23-at-7.13.21-PM-1-768x1024-1-225x300.jpeg 225w\" sizes=\"auto, (max-width: 577px) 100vw, 577px\" \/><\/span><\/p>\n<p aria-level=\"3\"><b><span data-contrast=\"none\">IMK Global: Compromiso con la Educaci\u00f3n y Alianzas Estrat\u00e9gicas<\/span><\/b><span data-ccp-props=\"{&quot;134233117&quot;:false,&quot;134233118&quot;:false,&quot;134245418&quot;:true,&quot;134245529&quot;:true,&quot;201341983&quot;:0,&quot;335551550&quot;:0,&quot;335551620&quot;:0,&quot;335559738&quot;:281,&quot;335559739&quot;:281,&quot;335559740&quot;:259}\">\u00a0<\/span><\/p>\n<p><span data-contrast=\"auto\">IMK Global no solo particip\u00f3 activamente en el panel, sino que tambi\u00e9n aprovech\u00f3 su presencia en EDUTECHNIA 2024 para fortalecer y establecer nuevas alianzas estrat\u00e9gicas. Uno de los encuentros m\u00e1s significativos fue con Legamaster, un aliado tecnol\u00f3gico clave para la innovaci\u00f3n educativa. Legamaster ha estado a la vanguardia de la integraci\u00f3n de tecnolog\u00edas avanzadas en el entorno educativo, y su colaboraci\u00f3n con IMK Global encamina hacia nuevas oportunidades para el desarrollo de proyectos innovadores.<\/span><span data-ccp-props=\"{&quot;134233117&quot;:false,&quot;134233118&quot;:false,&quot;201341983&quot;:0,&quot;335551550&quot;:0,&quot;335551620&quot;:0,&quot;335559738&quot;:240,&quot;335559739&quot;:240,&quot;335559740&quot;:259}\">\u00a0<\/span><\/p>\n<p><span data-contrast=\"auto\">Adem\u00e1s, IMK Global mantuvo conversaciones fruct\u00edferas con Revista Colegios, un medio especializado que ha sido un referente en la educaci\u00f3n latinoamericana desde la llegada de las computadoras a la regi\u00f3n. La revista ha jugado un papel crucial en informar y guiar a las comunidades educativas a trav\u00e9s de las diversas etapas de transformaci\u00f3n tecnol\u00f3gica. Esta alianza permitir\u00e1 a IMK Global expandir su alcance y fortalecer su impacto en la regi\u00f3n, beneficiando a m\u00e1s instituciones y comunidades educativas.<\/span><span data-ccp-props=\"{&quot;134233117&quot;:false,&quot;134233118&quot;:false,&quot;201341983&quot;:0,&quot;335551550&quot;:0,&quot;335551620&quot;:0,&quot;335559738&quot;:240,&quot;335559739&quot;:240,&quot;335559740&quot;:259}\">\u00a0<\/span><\/p>\n<p aria-level=\"3\"><b><span data-contrast=\"none\">EDUTECHNIA 2024: Un Escenario para la Innovaci\u00f3n<\/span><\/b><span data-ccp-props=\"{&quot;134233117&quot;:false,&quot;134233118&quot;:false,&quot;134245418&quot;:true,&quot;134245529&quot;:true,&quot;201341983&quot;:0,&quot;335551550&quot;:0,&quot;335551620&quot;:0,&quot;335559738&quot;:281,&quot;335559739&quot;:281,&quot;335559740&quot;:259}\">\u00a0<\/span><\/p>\n<p><span data-contrast=\"auto\">La participaci\u00f3n de IMK Global en EDUTECHNIA 2024 no se limit\u00f3 al panel y las reuniones estrat\u00e9gicas. La feria, que es uno de los eventos m\u00e1s importantes de tecnolog\u00eda educativa en Am\u00e9rica Latina, ofreci\u00f3 a IMK Global la plataforma perfecta para presentar sus proyectos y <\/span><a href=\"https:\/\/juliancastiblanco.com\/web\/?s=innovaci%C3%B3n+educativa\"><span data-contrast=\"none\">soluciones innovadoras<\/span><\/a><span data-contrast=\"auto\"> a un p\u00fablico m\u00e1s amplio. La presencia de IMK Global en este evento reafirma su compromiso con la transformaci\u00f3n educativa y su disposici\u00f3n para seguir el cambio en un sector que est\u00e1 en constante evoluci\u00f3n.<\/span><span data-ccp-props=\"{&quot;134233117&quot;:false,&quot;134233118&quot;:false,&quot;201341983&quot;:0,&quot;335551550&quot;:0,&quot;335551620&quot;:0,&quot;335559738&quot;:240,&quot;335559739&quot;:240,&quot;335559740&quot;:259}\">\u00a0<\/span><\/p>\n<p><span data-contrast=\"auto\">Uno de los aspectos m\u00e1s destacados de la participaci\u00f3n de IMK Global en EDUTECHNIA 2024 fue la presentaci\u00f3n de proyectos especiales desarrollados para escuelas. Estos proyectos, que han sido dise\u00f1ados para responder a las necesidades espec\u00edficas de diferentes instituciones educativas, reflejan el enfoque pr\u00e1ctico y orientado a resultados que caracteriza a IMK Global<\/span><span data-ccp-props=\"{&quot;134233117&quot;:false,&quot;134233118&quot;:false,&quot;201341983&quot;:0,&quot;335551550&quot;:0,&quot;335551620&quot;:0,&quot;335559738&quot;:240,&quot;335559739&quot;:240,&quot;335559740&quot;:259}\">\u00a0<\/span><\/p>\n<p><span data-contrast=\"auto\">\u00a0<\/span><b><span data-contrast=\"none\">Mirando Hacia el Futuro: Innovaci\u00f3n y Transformaci\u00f3n Continua<\/span><\/b><span data-ccp-props=\"{&quot;134233117&quot;:false,&quot;134233118&quot;:false,&quot;134245418&quot;:true,&quot;134245529&quot;:true,&quot;201341983&quot;:0,&quot;335551550&quot;:0,&quot;335551620&quot;:0,&quot;335559738&quot;:281,&quot;335559739&quot;:281,&quot;335559740&quot;:259}\">\u00a0<\/span><\/p>\n<p><span data-contrast=\"auto\">El compromiso de IMK Global con la innovaci\u00f3n educativa no termina con su participaci\u00f3n en eventos como EDUTECHNIA 2024. La empresa sigue explorando nuevas formas de integrar la tecnolog\u00eda en la educaci\u00f3n y de crear espacios de aprendizaje que sean din\u00e1micos, inclusivos y efectivos. A trav\u00e9s de su continua colaboraci\u00f3n con aliados como Legamaster. El futuro de la educaci\u00f3n depende de la capacidad de las instituciones para adaptarse y evolucionar en respuesta a los cambios tecnol\u00f3gicos y sociales.<\/span><span data-ccp-props=\"{&quot;134233117&quot;:false,&quot;134233118&quot;:false,&quot;201341983&quot;:0,&quot;335551550&quot;:0,&quot;335551620&quot;:0,&quot;335559738&quot;:240,&quot;335559739&quot;:240,&quot;335559740&quot;:259}\">\u00a0<\/span><\/p>\n<p><a href=\"https:\/\/wa.me\/573006398181\"><span data-ccp-props=\"{&quot;134233117&quot;:false,&quot;134233118&quot;:false,&quot;201341983&quot;:0,&quot;335551550&quot;:0,&quot;335551620&quot;:0,&quot;335559738&quot;:0,&quot;335559739&quot;:0,&quot;335559740&quot;:259}\"><img loading=\"lazy\" decoding=\"async\" class=\"aligncenter wp-image-17662\" src=\"https:\/\/juliancastiblanco.com\/web\/wp-content\/uploads\/2024\/08\/WhatsApp-Image-2024-08-15-at-3.42.18-PM.jpeg\" alt=\"\" width=\"130\" height=\"24\" srcset=\"https:\/\/juliancastiblanco.com\/web\/wp-content\/uploads\/2024\/08\/WhatsApp-Image-2024-08-15-at-3.42.18-PM.jpeg 314w, https:\/\/juliancastiblanco.com\/web\/wp-content\/uploads\/2024\/08\/WhatsApp-Image-2024-08-15-at-3.42.18-PM-300x55.jpeg 300w\" sizes=\"auto, (max-width: 130px) 100vw, 130px\" \/><\/span><\/a><\/p>\n<hr \/>\n<p style=\"text-align: center;\"><span data-contrast=\"auto\">IMK Global \u2013 Ingenieros de Marketing Su Aliado de Crecimiento en las Am\u00e9ricas\u00a0Your\u00a0Growth\u00a0Partner\u00a0in\u00a0the\u00a0Am\u00e9ricas\u00a0<\/span><a href=\"http:\/\/www.imk.global\/\"><span data-contrast=\"none\">www.imk.global<\/span><\/a><span data-contrast=\"auto\">\u00a0\u00a0<\/span><span data-ccp-props=\"{&quot;134233117&quot;:false,&quot;134233118&quot;:false,&quot;201341983&quot;:0,&quot;335551550&quot;:0,&quot;335551620&quot;:0,&quot;335559738&quot;:240,&quot;335559739&quot;:240,&quot;335559740&quot;:259}\">\u00a0<\/span><\/p>\n<p><span data-contrast=\"auto\">Editado y mejorado con IA, publicado por Contenidos Digitales de Ingenieros de Marketing IMK Global\u00a0\u00a0<\/span><span data-ccp-props=\"{&quot;134233117&quot;:false,&quot;134233118&quot;:false,&quot;201341983&quot;:0,&quot;335551550&quot;:0,&quot;335551620&quot;:0,&quot;335559738&quot;:240,&quot;335559739&quot;:240,&quot;335559740&quot;:259}\">\u00a0<\/span><\/p>\n<p><b><span data-contrast=\"auto\">Aportes<\/span><\/b><span data-contrast=\"auto\">:\u00a0\u00a0\u00a0\u00a0\u00a0<\/span><span data-ccp-props=\"{&quot;134233117&quot;:false,&quot;134233118&quot;:false,&quot;201341983&quot;:0,&quot;335551550&quot;:0,&quot;335551620&quot;:0,&quot;335559738&quot;:240,&quot;335559739&quot;:240,&quot;335559740&quot;:259}\">\u00a0<\/span><\/p>\n<p><span data-contrast=\"auto\">Juli\u00e1n Castiblanco -CEO Ingenieros de Marketing \u2013\u00a0IMKGlobal\u00a0\u00a0\u00a0\u00a0\u00a0<\/span><span data-ccp-props=\"{&quot;134233117&quot;:false,&quot;134233118&quot;:false,&quot;201341983&quot;:0,&quot;335551550&quot;:0,&quot;335551620&quot;:0,&quot;335559738&quot;:240,&quot;335559739&quot;:240,&quot;335559740&quot;:259}\">\u00a0<\/span><\/p>\n<p><span data-contrast=\"auto\">Camilo Fernando Castiblanco \u2013\u00a0Chief\u00a0Growth\u00a0Officer\u00a0IMK.Global\u00a0\u00a0\u00a0\u00a0\u00a0<\/span><span data-ccp-props=\"{&quot;134233117&quot;:false,&quot;134233118&quot;:false,&quot;201341983&quot;:0,&quot;335551550&quot;:0,&quot;335551620&quot;:0,&quot;335559738&quot;:240,&quot;335559739&quot;:240,&quot;335559740&quot;:259}\">\u00a0<\/span><\/p>\n<p><span data-contrast=\"auto\">Esperanza Herrera \u2013 Social Media Manager Ingenieros de Marketing \u2013\u00a0IMKGlobal\u00a0\u00a0\u00a0\u00a0<\/span><span data-ccp-props=\"{&quot;134233117&quot;:false,&quot;134233118&quot;:false,&quot;201341983&quot;:0,&quot;335551550&quot;:0,&quot;335551620&quot;:0,&quot;335559738&quot;:240,&quot;335559739&quot;:240,&quot;335559740&quot;:259}\">\u00a0<\/span><\/p>\n<p><span data-contrast=\"auto\">\u00a0<\/span><span data-ccp-props=\"{&quot;134233117&quot;:false,&quot;134233118&quot;:false,&quot;201341983&quot;:0,&quot;335551550&quot;:0,&quot;335551620&quot;:0,&quot;335559738&quot;:240,&quot;335559739&quot;:240,&quot;335559740&quot;:259}\">\u00a0<\/span><\/p>\n<p><b><span data-contrast=\"auto\">Portales Aliados<\/span><\/b><span data-contrast=\"auto\">\u00a0<\/span><span data-ccp-props=\"{&quot;134233117&quot;:false,&quot;134233118&quot;:false,&quot;201341983&quot;:0,&quot;335551550&quot;:0,&quot;335551620&quot;:0,&quot;335559738&quot;:240,&quot;335559739&quot;:240,&quot;335559740&quot;:259}\">\u00a0<\/span><\/p>\n<p><b><span data-contrast=\"auto\">United\u00a0States\u00a0\u00a0\u00a0<\/span><\/b><span data-contrast=\"auto\">\u00a0<\/span><span data-ccp-props=\"{&quot;134233117&quot;:false,&quot;134233118&quot;:false,&quot;201341983&quot;:0,&quot;335551550&quot;:0,&quot;335551620&quot;:0,&quot;335559738&quot;:240,&quot;335559739&quot;:240,&quot;335559740&quot;:259}\">\u00a0<\/span><\/p>\n<p><a href=\"https:\/\/imk.global\/\"><span data-contrast=\"none\">www.imk.global<\/span><\/a><span data-contrast=\"auto\">\u00a0<\/span><span data-ccp-props=\"{&quot;134233117&quot;:false,&quot;134233118&quot;:false,&quot;201341983&quot;:0,&quot;335551550&quot;:0,&quot;335551620&quot;:0,&quot;335559738&quot;:240,&quot;335559739&quot;:240,&quot;335559740&quot;:259}\">\u00a0<\/span><\/p>\n<p><a href=\"https:\/\/thefloridaportal.com\/\"><span data-contrast=\"none\">www.thefloridaportal.com<\/span><\/a><span data-contrast=\"auto\">\u00a0<\/span><span data-ccp-props=\"{&quot;134233117&quot;:false,&quot;134233118&quot;:false,&quot;201341983&quot;:0,&quot;335551550&quot;:0,&quot;335551620&quot;:0,&quot;335559738&quot;:240,&quot;335559739&quot;:240,&quot;335559740&quot;:259}\">\u00a0<\/span><\/p>\n<p><b><span data-contrast=\"auto\">Portales Latinoam\u00e9rica<\/span><\/b><span data-contrast=\"auto\">\u00a0\u00a0<\/span><span data-ccp-props=\"{&quot;134233117&quot;:false,&quot;134233118&quot;:false,&quot;201341983&quot;:0,&quot;335551550&quot;:0,&quot;335551620&quot;:0,&quot;335559738&quot;:240,&quot;335559739&quot;:240,&quot;335559740&quot;:259}\">\u00a0<\/span><\/p>\n<p><a href=\"http:\/\/www.ingenierosdemarketing.com.co\/\"><span data-contrast=\"none\">www.ingenierosdemarketing.com.co<\/span><\/a><span data-contrast=\"auto\">\u00a0\u00a0<\/span><span data-ccp-props=\"{&quot;134233117&quot;:false,&quot;134233118&quot;:false,&quot;201341983&quot;:0,&quot;335551550&quot;:0,&quot;335551620&quot;:0,&quot;335559738&quot;:240,&quot;335559739&quot;:240,&quot;335559740&quot;:259}\">\u00a0<\/span><\/p>\n<p><a href=\"http:\/\/www.juliancastiblanco.com\/\"><span data-contrast=\"none\">www.JulianCastiblanco.com<\/span><\/a><span data-contrast=\"auto\">\u00a0\u00a0\u00a0<\/span><span data-ccp-props=\"{&quot;134233117&quot;:false,&quot;134233118&quot;:false,&quot;201341983&quot;:0,&quot;335551550&quot;:0,&quot;335551620&quot;:0,&quot;335559738&quot;:240,&quot;335559739&quot;:240,&quot;335559740&quot;:259}\">\u00a0<\/span><\/p>\n<p><a href=\"http:\/\/www.deceroasapo.com\/\"><span data-contrast=\"none\">www.deceroasapo.com<\/span><\/a><span data-contrast=\"auto\">\u00a0\u00a0\u00a0<\/span><span data-ccp-props=\"{&quot;134233117&quot;:false,&quot;134233118&quot;:false,&quot;201341983&quot;:0,&quot;335551550&quot;:0,&quot;335551620&quot;:0,&quot;335559738&quot;:240,&quot;335559739&quot;:240,&quot;335559740&quot;:259}\">\u00a0<\/span><\/p>\n<p><a href=\"http:\/\/www.socry.co\/\"><span data-contrast=\"none\">www.socry.co<\/span><\/a><span data-contrast=\"auto\">\u00a0<\/span><span data-ccp-props=\"{&quot;134233117&quot;:false,&quot;134233118&quot;:false,&quot;201341983&quot;:0,&quot;335551550&quot;:0,&quot;335551620&quot;:0,&quot;335559738&quot;:240,&quot;335559739&quot;:240,&quot;335559740&quot;:259}\">\u00a0<\/span><\/p>\n<p><a href=\"https:\/\/experienciasimk.com\/\"><span data-contrast=\"none\">www.experienciasimk.com\u00a0<\/span><\/a><span data-contrast=\"auto\">\u00a0\u00a0\u00a0<\/span><span data-ccp-props=\"{&quot;134233117&quot;:false,&quot;134233118&quot;:false,&quot;201341983&quot;:0,&quot;335551550&quot;:0,&quot;335551620&quot;:0,&quot;335559738&quot;:240,&quot;335559739&quot;:240,&quot;335559740&quot;:259}\">\u00a0<\/span><\/p>\n<p><a href=\"http:\/\/www.tiasdigitales.com\/\"><span data-contrast=\"none\">www.tiasdigitales.com<\/span><\/a><span data-contrast=\"auto\">\u00a0\u00a0\u00a0<\/span><span data-ccp-props=\"{&quot;134233117&quot;:false,&quot;134233118&quot;:false,&quot;201341983&quot;:0,&quot;335551550&quot;:0,&quot;335551620&quot;:0,&quot;335559738&quot;:240,&quot;335559739&quot;:240,&quot;335559740&quot;:259}\">\u00a0<\/span><\/p>\n<p><a href=\"http:\/\/www.caribedigital.com.co\/\"><span data-contrast=\"none\">www.caribedigital.com.co<\/span><\/a><span data-contrast=\"auto\">\u00a0<\/span><span data-ccp-props=\"{&quot;134233117&quot;:false,&quot;134233118&quot;:false,&quot;201341983&quot;:0,&quot;335551550&quot;:0,&quot;335551620&quot;:0,&quot;335559738&quot;:240,&quot;335559739&quot;:240,&quot;335559740&quot;:259}\">\u00a0<\/span><\/p>\n<p><a href=\"https:\/\/amazonasdigital.com.co\/\"><span data-contrast=\"none\">www.amazonasdigital.com.co\u00a0\u00a0<\/span><\/a><span data-contrast=\"auto\">\u00a0\u00a0\u00a0<\/span><span data-ccp-props=\"{&quot;134233117&quot;:false,&quot;134233118&quot;:false,&quot;201341983&quot;:0,&quot;335551550&quot;:0,&quot;335551620&quot;:0,&quot;335559738&quot;:240,&quot;335559739&quot;:240,&quot;335559740&quot;:259}\">\u00a0<\/span><\/p>\n<p><a href=\"http:\/\/www.aprendizajeconresultados.com\/\"><span data-contrast=\"none\">www.aprendizajeconresultados.com<\/span><\/a><span data-contrast=\"auto\">\u00a0\u00a0\u00a0<\/span><span data-ccp-props=\"{&quot;134233117&quot;:false,&quot;134233118&quot;:false,&quot;201341983&quot;:0,&quot;335551550&quot;:0,&quot;335551620&quot;:0,&quot;335559738&quot;:240,&quot;335559739&quot;:240,&quot;335559740&quot;:259}\">\u00a0<\/span><\/p>\n<p><a href=\"http:\/\/www.gerenciadigital.com.co\/\"><span data-contrast=\"none\">www.GerenciaDigital.com.co<\/span><\/a><span data-contrast=\"auto\">\u00a0\u00a0<\/span><a href=\"http:\/\/www.socry.co\/\"><span data-contrast=\"none\">www.Socry.co<\/span><\/a><span data-contrast=\"auto\">\u00a0\u00a0\u00a0<\/span><span data-ccp-props=\"{&quot;134233117&quot;:false,&quot;134233118&quot;:false,&quot;201341983&quot;:0,&quot;335551550&quot;:0,&quot;335551620&quot;:0,&quot;335559738&quot;:240,&quot;335559739&quot;:240,&quot;335559740&quot;:259}\">\u00a0<\/span><\/p>\n<p><a href=\"https:\/\/ia4all.org\/\"><span data-contrast=\"none\">www.ia4all.org\/<\/span><\/a><span data-contrast=\"auto\">\u00a0\u00a0\u00a0<\/span><span data-ccp-props=\"{&quot;134233117&quot;:false,&quot;134233118&quot;:false,&quot;201341983&quot;:0,&quot;335551550&quot;:0,&quot;335551620&quot;:0,&quot;335559738&quot;:240,&quot;335559739&quot;:240,&quot;335559740&quot;:259}\">\u00a0<\/span><\/p>\n<p><a href=\"https:\/\/magazindelaradio.com\/\"><span data-contrast=\"none\">www.magaz\u00edndelaradio.com<\/span><\/a><span data-contrast=\"auto\">\u00a0\u00a0<\/span><span data-ccp-props=\"{&quot;134233117&quot;:false,&quot;134233118&quot;:false,&quot;201341983&quot;:0,&quot;335551550&quot;:0,&quot;335551620&quot;:0,&quot;335559738&quot;:240,&quot;335559739&quot;:240,&quot;335559740&quot;:259}\">\u00a0<\/span><\/p>\n<p>&nbsp;<\/p>\n","protected":false},"excerpt":{"rendered":"<p>En un contexto donde la educaci\u00f3n enfrenta retos cada vez m\u00e1s complejos, la participaci\u00f3n de IMK Global en eventos clave y su alianza con importantes actores del sector se convierte [&hellip;]<\/p>\n","protected":false},"author":4,"featured_media":17718,"parent":0,"menu_order":0,"comment_status":"closed","ping_status":"closed","template":"","meta":{"footnotes":""},"class_list":["post-17712","page","type-page","status-publish","has-post-thumbnail","hentry"],"_links":{"self":[{"href":"https:\/\/juliancastiblanco.com\/web\/wp-json\/wp\/v2\/pages\/17712","targetHints":{"allow":["GET"]}}],"collection":[{"href":"https:\/\/juliancastiblanco.com\/web\/wp-json\/wp\/v2\/pages"}],"about":[{"href":"https:\/\/juliancastiblanco.com\/web\/wp-json\/wp\/v2\/types\/page"}],"author":[{"embeddable":true,"href":"https:\/\/juliancastiblanco.com\/web\/wp-json\/wp\/v2\/users\/4"}],"replies":[{"embeddable":true,"href":"https:\/\/juliancastiblanco.com\/web\/wp-json\/wp\/v2\/comments?post=17712"}],"version-history":[{"count":5,"href":"https:\/\/juliancastiblanco.com\/web\/wp-json\/wp\/v2\/pages\/17712\/revisions"}],"predecessor-version":[{"id":17720,"href":"https:\/\/juliancastiblanco.com\/web\/wp-json\/wp\/v2\/pages\/17712\/revisions\/17720"}],"wp:featuredmedia":[{"embeddable":true,"href":"https:\/\/juliancastiblanco.com\/web\/wp-json\/wp\/v2\/media\/17718"}],"wp:attachment":[{"href":"https:\/\/juliancastiblanco.com\/web\/wp-json\/wp\/v2\/media?parent=17712"}],"curies":[{"name":"wp","href":"https:\/\/api.w.org\/{rel}","templated":true}]}}