{"id":3768,"date":"2019-01-20T13:09:56","date_gmt":"2019-01-20T13:09:56","guid":{"rendered":"https:\/\/juliancastiblanco.com\/web\/?page_id=3768"},"modified":"2020-06-06T14:14:13","modified_gmt":"2020-06-06T14:14:13","slug":"pague-sus-facturas-por-internet","status":"publish","type":"page","link":"https:\/\/juliancastiblanco.com\/web\/pague-sus-facturas-por-internet\/","title":{"rendered":"PAGUE SUS FACTURAS POR INTERNET"},"content":{"rendered":"\r\n<p><img loading=\"lazy\" decoding=\"async\" class=\"wp-image-5113 aligncenter\" src=\"https:\/\/juliancastiblanco.com\/web\/wp-content\/uploads\/2020\/06\/Sin-fondo-2.png\" alt=\"\" width=\"509\" height=\"339\" srcset=\"https:\/\/juliancastiblanco.com\/web\/wp-content\/uploads\/2020\/06\/Sin-fondo-2.png 1920w, https:\/\/juliancastiblanco.com\/web\/wp-content\/uploads\/2020\/06\/Sin-fondo-2-300x200.png 300w, https:\/\/juliancastiblanco.com\/web\/wp-content\/uploads\/2020\/06\/Sin-fondo-2-1024x683.png 1024w, https:\/\/juliancastiblanco.com\/web\/wp-content\/uploads\/2020\/06\/Sin-fondo-2-768x512.png 768w, https:\/\/juliancastiblanco.com\/web\/wp-content\/uploads\/2020\/06\/Sin-fondo-2-1536x1024.png 1536w, https:\/\/juliancastiblanco.com\/web\/wp-content\/uploads\/2020\/06\/Sin-fondo-2-810x540.png 810w, https:\/\/juliancastiblanco.com\/web\/wp-content\/uploads\/2020\/06\/Sin-fondo-2-1140x760.png 1140w\" sizes=\"auto, (max-width: 509px) 100vw, 509px\" \/><\/p>\r\n<p style=\"text-align: center;\">Ahora puede hacer el pago de sus facturas con diferentes opciones de pago: cr\u00e9dito, d\u00e9bito y alternativas.<\/p>\r\n<p style=\"text-align: center;\">Aqu\u00ed podr\u00e1s hacer tu pago sobre compra y renovaci\u00f3n de dominios, pago de cursos, clases y asesor\u00eda personalizada<img decoding=\"async\" class=\"wp-image-3772\" src=\"https:\/\/juliancastiblanco.com\/web\/wp-content\/uploads\/2019\/01\/WhatsApp-Image-2019-01-20-at-08.15.01.jpeg\" alt=\"\" \/>. Al ingresar en el bot\u00f3n naranja encontrar\u00e1s este formulario.<\/p>\r\n<p><img loading=\"lazy\" decoding=\"async\" class=\"aligncenter size-full wp-image-5123\" src=\"https:\/\/juliancastiblanco.com\/web\/wp-content\/uploads\/2020\/06\/como-pagar-julian-castiblanco-ingenieros-de-marketing-01.png\" alt=\"\" width=\"2059\" height=\"1411\" srcset=\"https:\/\/juliancastiblanco.com\/web\/wp-content\/uploads\/2020\/06\/como-pagar-julian-castiblanco-ingenieros-de-marketing-01.png 2059w, https:\/\/juliancastiblanco.com\/web\/wp-content\/uploads\/2020\/06\/como-pagar-julian-castiblanco-ingenieros-de-marketing-01-300x206.png 300w, https:\/\/juliancastiblanco.com\/web\/wp-content\/uploads\/2020\/06\/como-pagar-julian-castiblanco-ingenieros-de-marketing-01-1024x702.png 1024w, https:\/\/juliancastiblanco.com\/web\/wp-content\/uploads\/2020\/06\/como-pagar-julian-castiblanco-ingenieros-de-marketing-01-768x526.png 768w, https:\/\/juliancastiblanco.com\/web\/wp-content\/uploads\/2020\/06\/como-pagar-julian-castiblanco-ingenieros-de-marketing-01-1536x1053.png 1536w, https:\/\/juliancastiblanco.com\/web\/wp-content\/uploads\/2020\/06\/como-pagar-julian-castiblanco-ingenieros-de-marketing-01-2048x1403.png 2048w, https:\/\/juliancastiblanco.com\/web\/wp-content\/uploads\/2020\/06\/como-pagar-julian-castiblanco-ingenieros-de-marketing-01-810x555.png 810w, https:\/\/juliancastiblanco.com\/web\/wp-content\/uploads\/2020\/06\/como-pagar-julian-castiblanco-ingenieros-de-marketing-01-1140x781.png 1140w, https:\/\/juliancastiblanco.com\/web\/wp-content\/uploads\/2020\/06\/como-pagar-julian-castiblanco-ingenieros-de-marketing-01-145x100.png 145w, https:\/\/juliancastiblanco.com\/web\/wp-content\/uploads\/2020\/06\/como-pagar-julian-castiblanco-ingenieros-de-marketing-01-380x260.png 380w\" sizes=\"auto, (max-width: 2059px) 100vw, 2059px\" \/><\/p>\r\n\r\n\r\n\r\n\r\n\r\n<h2>YA QUE TIENES TODO CLARO,<\/h2>\r\n<h2>INICIA TU PAGO HACIENDO CLIC EN EL SIGUIENTE BOTON<\/h2>\r\n\r\n\r\n<form id=\"frm_ePaycoCheckoutOpen\" action=\"https:\/\/secure.payco.co\/checkoutopen.php\" method=\"post\" name=\"frm_ePaycoCheckoutOpen\"><input name=\"p_cust_id_cliente\" type=\"hidden\" value=\"26801\" \/> <input name=\"p_key\" type=\"hidden\" value=\"a835eab222d0a472efa673f34723765181e5b85a\" \/> <input name=\"p_id_factura\" type=\"hidden\" value=\"\" \/> <input name=\"p_description\" type=\"hidden\" value=\" Servicios de Marketing Digital\" \/> <input name=\"p_test_request\" type=\"hidden\" value=\"FALSE\" \/> <input name=\"p_url_respuesta\" type=\"hidden\" value=\"\" \/> <input name=\"p_url_confirmacion\" type=\"hidden\" value=\"\" \/> <input id=\"imagen\" src=\"https:\/\/369969691f476073508a-60bf0867add971908d4f26a64519c2aa.ssl.cf5.rackcdn.com\/btns\/btn6.png\" type=\"image\" \/> <input id=\"idboton\" name=\"idboton\" type=\"hidden\" value=\"7489\" \/><\/form>\r\n<p>Si tienes dudas cont\u00e1ctanos en el siguiente enlace <a href=\"https:\/\/wa.me\/573006398181\">https:\/\/wa.me\/573006398181<\/a><\/p>","protected":false},"excerpt":{"rendered":"<p>Ahora puede hacer el pago de sus facturas con diferentes opciones de pago: cr\u00e9dito, d\u00e9bito y alternativas. Aqu\u00ed podr\u00e1s hacer tu pago sobre compra y renovaci\u00f3n de dominios, pago de [&hellip;]<\/p>\n","protected":false},"author":4,"featured_media":0,"parent":0,"menu_order":0,"comment_status":"closed","ping_status":"closed","template":"","meta":{"footnotes":""},"class_list":["post-3768","page","type-page","status-publish","hentry"],"_links":{"self":[{"href":"https:\/\/juliancastiblanco.com\/web\/wp-json\/wp\/v2\/pages\/3768","targetHints":{"allow":["GET"]}}],"collection":[{"href":"https:\/\/juliancastiblanco.com\/web\/wp-json\/wp\/v2\/pages"}],"about":[{"href":"https:\/\/juliancastiblanco.com\/web\/wp-json\/wp\/v2\/types\/page"}],"author":[{"embeddable":true,"href":"https:\/\/juliancastiblanco.com\/web\/wp-json\/wp\/v2\/users\/4"}],"replies":[{"embeddable":true,"href":"https:\/\/juliancastiblanco.com\/web\/wp-json\/wp\/v2\/comments?post=3768"}],"version-history":[{"count":11,"href":"https:\/\/juliancastiblanco.com\/web\/wp-json\/wp\/v2\/pages\/3768\/revisions"}],"predecessor-version":[{"id":5124,"href":"https:\/\/juliancastiblanco.com\/web\/wp-json\/wp\/v2\/pages\/3768\/revisions\/5124"}],"wp:attachment":[{"href":"https:\/\/juliancastiblanco.com\/web\/wp-json\/wp\/v2\/media?parent=3768"}],"curies":[{"name":"wp","href":"https:\/\/api.w.org\/{rel}","templated":true}]}}