{"id":427,"date":"2014-09-22T12:13:05","date_gmt":"2014-09-22T12:13:05","guid":{"rendered":"http:\/\/juliancastiblanco.com\/web\/?page_id=427"},"modified":"2017-04-17T16:00:23","modified_gmt":"2017-04-17T16:00:23","slug":"google-apps","status":"publish","type":"page","link":"https:\/\/juliancastiblanco.com\/web\/google-apps\/","title":{"rendered":"Google Apps"},"content":{"rendered":"<h2>\u00abAmpliamos tu visi\u00f3n en Internet\u00bb<\/h2>\n<div>\n<p style=\"text-align: justify;\"><b>\u00bfBuscando mayor rentabilidad?<br \/>\n<\/b>L\u00f3gralo aumentando la productividad de tus empleados con las herramientas de Google para empresas.<\/p>\n<div style=\"text-align: justify;\">La\u00a0<b><a href=\"http:\/\/www.youtube.com\/watch?v=doHnLiAzQ5M\" target=\"_blank\">computaci\u00f3n en la nube<\/a>\u00a0<\/b>es el pr\u00f3ximo paso para lograr mayor efectividad en los procesos de tu empresa y por ende un mayor aprovechamiento del tiempo y de las ideas de tus empleados.<\/div>\n<div style=\"text-align: justify;\"><\/div>\n<div style=\"text-align: justify;\">Como<b>\u00a0Enterprise Premier Partner de Google\u00a0en Colombia<\/b>, Eforcers es la firma experta en la implementaci\u00f3n de Google Apps y pionera en traer al pa\u00eds otras soluciones de innovaci\u00f3n como Spigit, adem\u00e1s de las herramientas de administraci\u00f3n desarrolladas por nuestro equipo.<\/div>\n<div style=\"text-align: justify;\"><img loading=\"lazy\" decoding=\"async\" class=\"aligncenter size-full wp-image-442\" src=\"http:\/\/juliancastiblanco.com\/web\/wp-content\/uploads\/2014\/09\/Google-Apps1.png\" alt=\"Google Apps1\" width=\"1480\" height=\"538\" srcset=\"https:\/\/juliancastiblanco.com\/web\/wp-content\/uploads\/2014\/09\/Google-Apps1.png 1480w, https:\/\/juliancastiblanco.com\/web\/wp-content\/uploads\/2014\/09\/Google-Apps1-300x109.png 300w, https:\/\/juliancastiblanco.com\/web\/wp-content\/uploads\/2014\/09\/Google-Apps1-1024x372.png 1024w\" sizes=\"auto, (max-width: 1480px) 100vw, 1480px\" \/><\/div>\n<div style=\"text-align: justify;\"><img loading=\"lazy\" decoding=\"async\" class=\"aligncenter size-full wp-image-443\" src=\"http:\/\/juliancastiblanco.com\/web\/wp-content\/uploads\/2014\/09\/Google-Apps2.png\" alt=\"Google Apps2\" width=\"1477\" height=\"635\" srcset=\"https:\/\/juliancastiblanco.com\/web\/wp-content\/uploads\/2014\/09\/Google-Apps2.png 1477w, https:\/\/juliancastiblanco.com\/web\/wp-content\/uploads\/2014\/09\/Google-Apps2-300x128.png 300w, https:\/\/juliancastiblanco.com\/web\/wp-content\/uploads\/2014\/09\/Google-Apps2-1024x440.png 1024w\" sizes=\"auto, (max-width: 1477px) 100vw, 1477px\" \/><\/div>\n<\/div>\n<div>\n<table border=\"0\" cellspacing=\"0\">\n<tbody>\n<tr>\n<td><b>Somos Eforcers S.A.<\/b><\/p>\n<div>\n<div class=\"sites-embed-align-right-wrapping-off\">\n<div class=\"sites-embed-border-off sites-embed\">\n<div class=\"sites-embed-content sites-embed-type-docs-video\"><iframe loading=\"lazy\" src=\"https:\/\/docs.google.com\/file\/d\/0ByPXS6pd_kUzQngzWEt0RVhnUmc\/preview\" width=\"550\" height=\"300\" frameborder=\"0\" allowfullscreen=\"allowfullscreen\"><\/iframe><\/div>\n<\/div>\n<\/div>\n<\/div>\n<\/td>\n<\/tr>\n<\/tbody>\n<\/table>\n<\/div>\n<div>\n<div><b><span style=\"font-size: medium;\">Productos Eforcers<\/span><\/b><b><span style=\"font-size: medium;\">:<\/span><\/b><\/div>\n<div><\/div>\n<div>Excelentes herramientas de administraci\u00f3n que permiten solucionar problemas particulares en tu empresa. Los hemos desarrollado en la plataforma <b>Google App Engine<\/b> y estar\u00e1n a disposici\u00f3n una vez te subas a la nube.<\/div>\n<div><\/div>\n<div>\n<ol>\n<li><b>ContactsCleaner\u00a0<\/b>Dile adi\u00f3s a los contactos obsoletos que aparecen en el autocomplete. Limpia con esta herramienta todas las\u00a0libretas de contactos de los usuarios de tu \u00a0\u00a0 \u00a0\u00a0\u00a0 \u00a0organizaci\u00f3n.<\/li>\n<li><b><span style=\"color: #0b5394;\">CloudKey<\/span><\/b>\u00a0Un sitio web personalizado para que todos los usuario entren a su sesi\u00f3n de Google Apps.<\/li>\n<li><b><span style=\"color: #0b5394;\">AccountSync<\/span><\/b> Herramienta de sincronizaci\u00f3n\u00a0de cuentas de usuarios.<\/li>\n<li><b><span style=\"color: #0b5394;\">TrainingPlan<\/span><\/b> Estructura el plan de capacitaci\u00f3n o entrenamiento, sin manejar periodos acad\u00e9micos.<\/li>\n<li><b><span style=\"color: #0b5394;\">ToolBox + AuditTool<\/span><\/b>\u00a0es una\u00a0d\u00fao\u00a0de herramientas desktop que le permiten al administrador del dominio en Google Apps realizar\u00a0operaciones masivas de mantenimiento y\u00a0procesos de Auditor\u00eda.<\/li>\n<\/ol>\n<h2 style=\"text-align: center;\">HABLEMOS DE LAS NECESIDADES DE SU ORGANIZACION<\/h2>\n[vCitaContact type=widget height=200]\n<\/div>\n<\/div>\n","protected":false},"excerpt":{"rendered":"<p>\u00abAmpliamos tu visi\u00f3n en Internet\u00bb \u00bfBuscando mayor rentabilidad? L\u00f3gralo aumentando la productividad de tus empleados con las herramientas de Google para empresas. La\u00a0computaci\u00f3n en la nube\u00a0es el pr\u00f3ximo paso para [&hellip;]<\/p>\n","protected":false},"author":4,"featured_media":1365,"parent":0,"menu_order":0,"comment_status":"closed","ping_status":"closed","template":"","meta":{"footnotes":""},"class_list":["post-427","page","type-page","status-publish","has-post-thumbnail","hentry"],"_links":{"self":[{"href":"https:\/\/juliancastiblanco.com\/web\/wp-json\/wp\/v2\/pages\/427","targetHints":{"allow":["GET"]}}],"collection":[{"href":"https:\/\/juliancastiblanco.com\/web\/wp-json\/wp\/v2\/pages"}],"about":[{"href":"https:\/\/juliancastiblanco.com\/web\/wp-json\/wp\/v2\/types\/page"}],"author":[{"embeddable":true,"href":"https:\/\/juliancastiblanco.com\/web\/wp-json\/wp\/v2\/users\/4"}],"replies":[{"embeddable":true,"href":"https:\/\/juliancastiblanco.com\/web\/wp-json\/wp\/v2\/comments?post=427"}],"version-history":[{"count":4,"href":"https:\/\/juliancastiblanco.com\/web\/wp-json\/wp\/v2\/pages\/427\/revisions"}],"predecessor-version":[{"id":444,"href":"https:\/\/juliancastiblanco.com\/web\/wp-json\/wp\/v2\/pages\/427\/revisions\/444"}],"wp:featuredmedia":[{"embeddable":true,"href":"https:\/\/juliancastiblanco.com\/web\/wp-json\/wp\/v2\/media\/1365"}],"wp:attachment":[{"href":"https:\/\/juliancastiblanco.com\/web\/wp-json\/wp\/v2\/media?parent=427"}],"curies":[{"name":"wp","href":"https:\/\/api.w.org\/{rel}","templated":true}]}}