{"id":4865,"date":"2020-03-24T23:41:00","date_gmt":"2020-03-24T23:41:00","guid":{"rendered":"https:\/\/juliancastiblanco.com\/web\/?page_id=4865"},"modified":"2020-08-21T22:26:48","modified_gmt":"2020-08-21T22:26:48","slug":"fabricas-de-productividad","status":"publish","type":"page","link":"https:\/\/juliancastiblanco.com\/web\/fabricas-de-productividad\/","title":{"rendered":"Fabricas de Productividad"},"content":{"rendered":"<p><a href=\"https:\/\/juliancastiblanco.com\/web\/wp-content\/uploads\/2020\/03\/WhatsApp-Image-2020-03-24-at-12.35.41-PM.jpeg\"><img loading=\"lazy\" decoding=\"async\" class=\"aligncenter wp-image-4866 size-full\" src=\"https:\/\/juliancastiblanco.com\/web\/wp-content\/uploads\/2020\/03\/WhatsApp-Image-2020-03-24-at-12.35.41-PM.jpeg\" alt=\"\" width=\"832\" height=\"263\" srcset=\"https:\/\/juliancastiblanco.com\/web\/wp-content\/uploads\/2020\/03\/WhatsApp-Image-2020-03-24-at-12.35.41-PM.jpeg 832w, https:\/\/juliancastiblanco.com\/web\/wp-content\/uploads\/2020\/03\/WhatsApp-Image-2020-03-24-at-12.35.41-PM-300x95.jpeg 300w, https:\/\/juliancastiblanco.com\/web\/wp-content\/uploads\/2020\/03\/WhatsApp-Image-2020-03-24-at-12.35.41-PM-768x243.jpeg 768w, https:\/\/juliancastiblanco.com\/web\/wp-content\/uploads\/2020\/03\/WhatsApp-Image-2020-03-24-at-12.35.41-PM-810x256.jpeg 810w\" sizes=\"auto, (max-width: 832px) 100vw, 832px\" \/><\/a><\/p>\n<h1 style=\"text-align: center;\">Sabias qu\u00e9&#8230;<\/h1>\n<p style=\"text-align: center;\"><iframe loading=\"lazy\" src=\"https:\/\/www.youtube.com\/embed\/WonWtyvROq8\" width=\"727\" height=\"409\" frameborder=\"0\" allowfullscreen=\"allowfullscreen\"><\/iframe><\/p>\n<h1><\/h1>\n<h1 style=\"text-align: center;\">\u00bfC\u00f3mo saber si usted aplica a F\u00e1bricas de Productividad?<\/h1>\n<p style=\"text-align: center;\"><iframe loading=\"lazy\" src=\"https:\/\/www.youtube.com\/embed\/EEEEDN5Tv0w\" width=\"727\" height=\"409\" frameborder=\"0\" allowfullscreen=\"allowfullscreen\"><\/iframe><\/p>\n<p>&nbsp;<\/p>\n<h1 style=\"text-align: center;\"><strong>QUIENES SOMOS?<\/strong><\/h1>\n<p style=\"text-align: center;\"><iframe loading=\"lazy\" src=\"https:\/\/player.vimeo.com\/video\/414614015\" width=\"640\" height=\"311\" frameborder=\"0\" allowfullscreen=\"allowfullscreen\"><\/iframe><\/p>\n<p>&nbsp;<\/p>\n<h1 style=\"text-align: center;\"><strong>QU\u00c9 ES MADURACI\u00d3N DIGITAL?<\/strong><\/h1>\n<h1 style=\"text-align: center;\"><strong>Nuestro M\u00e9todo de generaci\u00f3n de resultados digitales?<\/strong><\/h1>\n<p style=\"text-align: center;\"><iframe loading=\"lazy\" src=\"https:\/\/www.youtube.com\/embed\/Cyzri3tp128\" width=\"560\" height=\"315\" frameborder=\"0\" allowfullscreen=\"allowfullscreen\"><\/iframe><\/p>\n<h1><\/h1>\n<h1 style=\"text-align: center;\">NUESTRA PROPUESTA DE ACOMPA\u00d1AMIENTO 60 HORAS EN TRANSFORMACI\u00d3N DIGITAL ES<\/h1>\n<p style=\"text-align: center;\"><iframe loading=\"lazy\" src=\"https:\/\/player.vimeo.com\/video\/430682067\" width=\"640\" height=\"357\" frameborder=\"0\" allowfullscreen=\"allowfullscreen\"><\/iframe><\/p>\n<p>&nbsp;<\/p>\n<h1 style=\"text-align: center;\">MAS INFORMACI\u00d3N<\/h1>\n<p>&nbsp;<\/p>\n<p><iframe loading=\"lazy\" width=\"100%\" height=\"700\" allowTransparency=\"true\" frameborder=\"0\" scrolling=\"yes\" style=\"border:none\" src=\"https:\/\/s1.boomerangcenter.com.co\/imk\/formularios\/imk13.html\"><a href=\"https:\/\/s1.boomerangcenter.com.co\/imk\/formularios\/imk13.html\">Fill out form.<\/a><\/iframe><\/p>\n","protected":false},"excerpt":{"rendered":"<p>Sabias qu\u00e9&#8230; \u00bfC\u00f3mo saber si usted aplica a F\u00e1bricas de Productividad? &nbsp; QUIENES SOMOS? &nbsp; QU\u00c9 ES MADURACI\u00d3N DIGITAL? Nuestro M\u00e9todo de generaci\u00f3n de resultados digitales? NUESTRA PROPUESTA DE ACOMPA\u00d1AMIENTO [&hellip;]<\/p>\n","protected":false},"author":4,"featured_media":0,"parent":0,"menu_order":0,"comment_status":"closed","ping_status":"closed","template":"","meta":{"footnotes":""},"class_list":["post-4865","page","type-page","status-publish","hentry"],"_links":{"self":[{"href":"https:\/\/juliancastiblanco.com\/web\/wp-json\/wp\/v2\/pages\/4865","targetHints":{"allow":["GET"]}}],"collection":[{"href":"https:\/\/juliancastiblanco.com\/web\/wp-json\/wp\/v2\/pages"}],"about":[{"href":"https:\/\/juliancastiblanco.com\/web\/wp-json\/wp\/v2\/types\/page"}],"author":[{"embeddable":true,"href":"https:\/\/juliancastiblanco.com\/web\/wp-json\/wp\/v2\/users\/4"}],"replies":[{"embeddable":true,"href":"https:\/\/juliancastiblanco.com\/web\/wp-json\/wp\/v2\/comments?post=4865"}],"version-history":[{"count":7,"href":"https:\/\/juliancastiblanco.com\/web\/wp-json\/wp\/v2\/pages\/4865\/revisions"}],"predecessor-version":[{"id":5445,"href":"https:\/\/juliancastiblanco.com\/web\/wp-json\/wp\/v2\/pages\/4865\/revisions\/5445"}],"wp:attachment":[{"href":"https:\/\/juliancastiblanco.com\/web\/wp-json\/wp\/v2\/media?parent=4865"}],"curies":[{"name":"wp","href":"https:\/\/api.w.org\/{rel}","templated":true}]}}