{"id":4873,"date":"2020-03-25T13:35:17","date_gmt":"2020-03-25T13:35:17","guid":{"rendered":"https:\/\/juliancastiblanco.com\/web\/?page_id=4873"},"modified":"2020-08-20T15:45:17","modified_gmt":"2020-08-20T15:45:17","slug":"solicitud-acceso-a-contenidos-de-maduraciondigital-com","status":"publish","type":"page","link":"https:\/\/juliancastiblanco.com\/web\/solicitud-acceso-a-contenidos-de-maduraciondigital-com\/","title":{"rendered":"Solicitud acceso a Contenidos de MaduracionDigital.com"},"content":{"rendered":"<p>Hola, te saluda JulianCastiblanco.com.<\/p>\n<p><iframe loading=\"lazy\" src=\"https:\/\/www.youtube.com\/embed\/DEnxcfw95RQ\" width=\"560\" height=\"315\" frameborder=\"0\" allowfullscreen=\"allowfullscreen\"><\/iframe><\/p>\n<p>&nbsp;<\/p>\n<p>Con el objetivo de asignar los c\u00f3digos de acceso a nuestros contenidos acad\u00e9micos de nuestro portal Maduraci\u00f3n Digital, hemos creado el siguiente formulario. Solo debes diligenciarlo para validar alguna informaci\u00f3n y proceder a tu activaci\u00f3n.<\/p>\n<p><iframe loading=\"lazy\" width=\"100%\" height=\"2200\" allowTransparency=\"true\" frameborder=\"0\" scrolling=\"no\" style=\"border:none\" src=\"https:\/\/s1.boomerangcenter.com.co\/imk\/formularios\/imk1.html\"><a href=\"https:\/\/s1.boomerangcenter.com.co\/imk\/formularios\/imk1.html\">Fill out form.<\/a><\/iframe><\/p>\n","protected":false},"excerpt":{"rendered":"<p>Hola, te saluda JulianCastiblanco.com. &nbsp; Con el objetivo de asignar los c\u00f3digos de acceso a nuestros contenidos acad\u00e9micos de nuestro portal Maduraci\u00f3n Digital, hemos creado el siguiente formulario. Solo debes [&hellip;]<\/p>\n","protected":false},"author":4,"featured_media":0,"parent":0,"menu_order":0,"comment_status":"closed","ping_status":"closed","template":"","meta":{"footnotes":""},"class_list":["post-4873","page","type-page","status-publish","hentry"],"_links":{"self":[{"href":"https:\/\/juliancastiblanco.com\/web\/wp-json\/wp\/v2\/pages\/4873","targetHints":{"allow":["GET"]}}],"collection":[{"href":"https:\/\/juliancastiblanco.com\/web\/wp-json\/wp\/v2\/pages"}],"about":[{"href":"https:\/\/juliancastiblanco.com\/web\/wp-json\/wp\/v2\/types\/page"}],"author":[{"embeddable":true,"href":"https:\/\/juliancastiblanco.com\/web\/wp-json\/wp\/v2\/users\/4"}],"replies":[{"embeddable":true,"href":"https:\/\/juliancastiblanco.com\/web\/wp-json\/wp\/v2\/comments?post=4873"}],"version-history":[{"count":4,"href":"https:\/\/juliancastiblanco.com\/web\/wp-json\/wp\/v2\/pages\/4873\/revisions"}],"predecessor-version":[{"id":5399,"href":"https:\/\/juliancastiblanco.com\/web\/wp-json\/wp\/v2\/pages\/4873\/revisions\/5399"}],"wp:attachment":[{"href":"https:\/\/juliancastiblanco.com\/web\/wp-json\/wp\/v2\/media?parent=4873"}],"curies":[{"name":"wp","href":"https:\/\/api.w.org\/{rel}","templated":true}]}}